{"id":3031,"date":"2024-05-23T12:47:55","date_gmt":"2024-05-23T12:47:55","guid":{"rendered":"https:\/\/chaldeansoflebanon.org\/?page_id=3031"},"modified":"2025-05-27T07:50:55","modified_gmt":"2025-05-27T07:50:55","slug":"donate","status":"publish","type":"page","link":"https:\/\/chaldeansoflebanon.org\/ar\/donate\/","title":{"rendered":"\u0644\u062a\u0628\u0631\u0639\u0627\u062a\u0643\u0645"},"content":{"rendered":"<h1>\n\t\tsupport us!<br \/>\u0646\u062d\u0646 \u0628\u062d\u0627\u062c\u0629 \u0625\u0644\u0649 \u062f\u0639\u0645\u0643\n\t<\/h1>\n\t<h5>&#8220;it is more blessed to give than receive&#8221; (acts 20:35)<\/h5>\n\t<h2>\u0645\u0639\u0644\u0648\u0645\u0627\u062a \u0639\u0627\u0645\u0629<\/h2>\nEv\u00each\u00e9 Chald\u00e9en de Beyrouth<br \/>\nBrazilia &#8211; Baabda, B.P 373 HAZMIEH &#8211; LIBAN<br \/>\n<strong>Tel<\/strong>: 961- 05457732 | 961- 05 459088<br \/>\n<strong>Fax<\/strong>: 961- 05 457731<br \/>\n<strong>Hotline<\/strong>: 961-70-035994<br \/>\n<strong>Email<\/strong>: info@chaldeansoflebanon.org.com<br \/>\n<strong>www<\/strong>.chaldeansoflebanon.org\n\t<h2>LBP Bank Account<\/h2>\n<p>Currency: LBP<\/p>\nCredit Bank S.A.L<br \/>\nChyah Branch &#8211; Beirut &#8211; Lebanon<br \/>\nSwift Code: CBCBLBBE<br \/>\nNo: 803845<br \/>\nIBAN: LB65010300081010570803845003\n\t<h1>Fresh EURO<\/h1>\nBank: CREDITBANK SAL<br \/>\nAddress of the bank: PO Box: 16-5795, Beirut Lebanon 11002802<br \/>\nSwift Code : CBCBLBBE<br \/>\nIBAN Code : LB42 0103 0023 1694 7708 0384 5003<br \/>\nAccount Number: 803845<br \/>\nAccount Currency: Euro<br \/>\nAccount Holder: Eveche Chaldean De Beyrouth<br \/>\nAccount Holder Address: Hazmieh &#8211; Brazilia &#8211; Presidential palace St. &#8211; Chaldean Bldg.\n\t<h1>Fresh DOLLAR<\/h1>\nEv\u00each\u00e9 Chald\u00e9en de Beyrouth<br \/>\nBrazilia &#8211; Baabda, B.P 373 HAZMIEH<br \/>\nLIBAN<br \/>\nCredit Bank S.A.L<br \/>\nIBAN: LB07 0103 0023 1014 7708 0384 5004<br \/>\nNo: 803845<br \/>\nSwift Code: CBCBLBBE<br \/>\nName: MM. EVECHECHALDEEN DE BEYROUTH\n<h1>\n\t\t&#8220;it is more blessed to give than receive&#8221;\n\t<\/h1>\n<h4>\n\t\t(\u0623\u0639\u0645\u0627\u0644 20:35)\n\t<\/h4>","protected":false},"excerpt":{"rendered":"<p>support us!We need your help. &#8220;it is more blessed to give than receive&#8221; (acts 20:35) General Information Ev\u00each\u00e9 Chald\u00e9en de [&hellip;]<\/p>\n","protected":false},"author":1,"featured_media":0,"parent":0,"menu_order":0,"comment_status":"closed","ping_status":"closed","template":"","meta":{"_acf_changed":false,"site-sidebar-layout":"default","site-content-layout":"","ast-site-content-layout":"full-width-container","site-content-style":"default","site-sidebar-style":"default","ast-global-header-display":"","ast-banner-title-visibility":"","ast-main-header-display":"","ast-hfb-above-header-display":"","ast-hfb-below-header-display":"","ast-hfb-mobile-header-display":"","site-post-title":"disabled","ast-breadcrumbs-content":"","ast-featured-img":"","footer-sml-layout":"","ast-disable-related-posts":"","theme-transparent-header-meta":"enabled","adv-header-id-meta":"","stick-header-meta":"","header-above-stick-meta":"","header-main-stick-meta":"","header-below-stick-meta":"","astra-migrate-meta-layouts":"default","ast-page-background-enabled":"default","ast-page-background-meta":{"desktop":{"background-color":"var(--ast-global-color-4)","background-image":"","background-repeat":"repeat","background-position":"center center","background-size":"auto","background-attachment":"scroll","background-type":"","background-media":"","overlay-type":"","overlay-color":"","overlay-opacity":"","overlay-gradient":""},"tablet":{"background-color":"","background-image":"","background-repeat":"repeat","background-position":"center center","background-size":"auto","background-attachment":"scroll","background-type":"","background-media":"","overlay-type":"","overlay-color":"","overlay-opacity":"","overlay-gradient":""},"mobile":{"background-color":"","background-image":"","background-repeat":"repeat","background-position":"center center","background-size":"auto","background-attachment":"scroll","background-type":"","background-media":"","overlay-type":"","overlay-color":"","overlay-opacity":"","overlay-gradient":""}},"ast-content-background-meta":{"desktop":{"background-color":"var(--ast-global-color-5)","background-image":"","background-repeat":"repeat","background-position":"center center","background-size":"auto","background-attachment":"scroll","background-type":"","background-media":"","overlay-type":"","overlay-color":"","overlay-opacity":"","overlay-gradient":""},"tablet":{"background-color":"var(--ast-global-color-5)","background-image":"","background-repeat":"repeat","background-position":"center center","background-size":"auto","background-attachment":"scroll","background-type":"","background-media":"","overlay-type":"","overlay-color":"","overlay-opacity":"","overlay-gradient":""},"mobile":{"background-color":"var(--ast-global-color-5)","background-image":"","background-repeat":"repeat","background-position":"center center","background-size":"auto","background-attachment":"scroll","background-type":"","background-media":"","overlay-type":"","overlay-color":"","overlay-opacity":"","overlay-gradient":""}},"footnotes":""},"class_list":["post-3031","page","type-page","status-publish","hentry"],"acf":[],"_links":{"self":[{"href":"https:\/\/chaldeansoflebanon.org\/ar\/wp-json\/wp\/v2\/pages\/3031","targetHints":{"allow":["GET"]}}],"collection":[{"href":"https:\/\/chaldeansoflebanon.org\/ar\/wp-json\/wp\/v2\/pages"}],"about":[{"href":"https:\/\/chaldeansoflebanon.org\/ar\/wp-json\/wp\/v2\/types\/page"}],"author":[{"embeddable":true,"href":"https:\/\/chaldeansoflebanon.org\/ar\/wp-json\/wp\/v2\/users\/1"}],"replies":[{"embeddable":true,"href":"https:\/\/chaldeansoflebanon.org\/ar\/wp-json\/wp\/v2\/comments?post=3031"}],"version-history":[{"count":0,"href":"https:\/\/chaldeansoflebanon.org\/ar\/wp-json\/wp\/v2\/pages\/3031\/revisions"}],"wp:attachment":[{"href":"https:\/\/chaldeansoflebanon.org\/ar\/wp-json\/wp\/v2\/media?parent=3031"}],"curies":[{"name":"wp","href":"https:\/\/api.w.org\/{rel}","templated":true}]}}